{"id":946,"date":"2017-04-24T11:26:16","date_gmt":"2017-04-24T09:26:16","guid":{"rendered":"http:\/\/wp.globus-metlika.si\/vozni-park\/"},"modified":"2022-09-01T11:16:20","modified_gmt":"2022-09-01T09:16:20","slug":"flota","status":"publish","type":"page","link":"https:\/\/globus-transport.si\/sr\/flota\/","title":{"rendered":"Vozni park"},"content":{"rendered":"<section class='page-content' style=''  ><section class='container'><div class='row' style=''><div class='col-md-12 ' style='' ><div class='call-to-action clearfix center no-text' ><div class='text'><h2 >Prevoz robe obezbedimo sa vlastitim kapacitetima i uz pomo\u0107 \u0161iroke mre\u017ee distribucijskih partnera. Na\u0161 vozni park sastavlja 80 vlastitih vozila, od toga 75 hladnja\u010da i od toga 20 prikolica sa ceradom.<\/h2><\/div><a class='btn btn-big theme-color ' href='mailto:info@globus-metlika.si' ><span> Po\u0161alji upit<\/span><\/a><\/div><div style='margin-top: 35px;' class=''><div class='hr-png-6'><\/div><\/div><\/div><\/div><\/section><\/section><section class='page-content' style=''  ><section class='container'><div class='row' style=''><div class='col-md-6 ' style='' ><div class='cma-wysiwyg-editor'><p>Prevoze vr\u0161imo sa savremenim, ekolo\u0161kim i kvalitetnim te zanesljivim vozilima marke Mercedes Benz i MAN te prikolice Schmitz Cargobull i Krone.<\/p><blockquote><p><strong>Vozni park predstavlja nam dio srca preduze\u0107a, zato ga nastojimo sa\u010duvati u dobroj tehni\u010dkoj ispravnosti i vizualnom izgledu. Vozni park neprestano servisiramo i obnavljamo sa novim vozilima. Samo na taj na\u010din mo\u017eemo obavljati usluge kvalitetno, brzo i konkurentno.<\/strong><\/p><\/blockquote><p><strong>Sva na\u0161a vozila su opremljena sa ADR-opremom za prevoz opasnih materija i sa GPS-navigacijskim pra\u0107enjem. Sva vozila mogu\u00a0se voziti sa dozvolom CEMT.<\/strong> Neke hladnja\u010de su opremljene\u00a0i sa navigacijskim <strong>pra\u0107enjem temperaturnog re\u017eima izme\u0111u prevoza<\/strong>.\u00a0Vozila su snabdevema jo\u0161 sa dodatnom tehni\u010dkom opremom koja radi\u00a0i u vreme izuzetno niskih zimskih i izuzetno visokih letnih\u00a0temperatura do ciljnih lokacija prevoza.<\/p><br \/><\/div><div class='custom-heading'>\r\n                            <h3>Kvalitet na\u0161ih usluga sadr\u017ee<\/h3>                            \r\n                        <\/div><div class='cma-wysiwyg-editor'><ul class=\"seznam\"><li><strong>sertifikat kvalitete ISO 9001:2008, 14001:2004 i ISO 9001:2015, 14001:2015<\/strong><\/li><li><strong>savremena i ekolo\u0161ka vozila sa emisijma EURO 6<\/strong><\/li><li><strong>\u202fkomore za hla\u0111enje<\/strong><\/li><li><strong>savremene dvore\u017eimske\/dvotemperaturne komore za hla\u0111enje Schmitz i Krone<\/strong><\/li><li><strong>dvospratno (doppelstock) utovarivanje (do 66 paleta)<\/strong><\/li><li><strong>najsavremeniji agregati za hla\u0111enje-grejanje Thermo King SLX 200\/400 i SL 200\/400 te agregati Carrier Maxima 1300\/150<\/strong><\/li><li><strong>digitalni ispisi temperaturnih re\u017eima<\/strong><br \/><strong>(isto udaljeno preko GPS-sistema)<\/strong><\/li><li><strong>GPS-navigacijsko pra\u0107ena vozila i prikolice<\/strong><\/li><li><strong>sa ADR opremljena vozila za prevoz opasnih materija<\/strong><\/li><\/ul><\/div><\/div><div class='col-md-6 ' style='' ><img src='https:\/\/globus-transport.si\/wp-content\/uploads\/2017\/04\/GLOBUS-METLIKA-05-600x397.jpg' class='left' title='Globus, d. o. o., Metlika, Slovenija, EU \/\/ logisti\u010dne storitve - logistische dienstleistungen - logistic services - servizi di logistica - logisti\u010dke usluge - \u0443\u0441\u043b\u0443\u0433\u0438 \u043b\u043e\u0433\u0438\u0441\u0442\u0438\u043a\u0438 \u0438 \u043f\u0435\u0440\u0435\u0432\u043e\u0437\u043e\u043a' alt='Globus, d. o. o., Metlika, Slovenija, EU \/\/ logisti\u010dne storitve - logistische dienstleistungen - logistic services - servizi di logistica - logisti\u010dke usluge - \u0443\u0441\u043b\u0443\u0433\u0438 \u043b\u043e\u0433\u0438\u0441\u0442\u0438\u043a\u0438 \u0438 \u043f\u0435\u0440\u0435\u0432\u043e\u0437\u043e\u043a' width='600' height='397'\/><div class='clearfix'><\/div><img src='https:\/\/globus-transport.si\/wp-content\/uploads\/2017\/05\/GLOBUS-METLIKA-09-600x397.jpg' class='left' title='Globus, d. o. o., Metlika, Slovenija, EU \/\/ Our vehicle fleet is the heart of our company therefore we keep it in good technical and visual shape.' alt='Globus, d. o. o., Metlika, Slovenija, EU \/\/ Our vehicle fleet is the heart of our company therefore we keep it in good technical and visual shape.' width='600' height='397'\/><div class='clearfix'><\/div><\/div><\/div><\/section><\/section>\n","protected":false},"excerpt":{"rendered":"","protected":false},"author":3,"featured_media":0,"parent":0,"menu_order":0,"comment_status":"closed","ping_status":"closed","template":"","meta":{"inline_featured_image":false,"footnotes":""},"class_list":["post-946","page","type-page","status-publish","hentry"],"yoast_head":"<!-- This site is optimized with the Yoast SEO plugin v26.7 - https:\/\/yoast.com\/wordpress\/plugins\/seo\/ -->\n<title>Vozni park &#8212; GLOBUS \/\/ Prevozi in logistika - Transport und Logistik - Transport and logistics - Trasporti e logistica - Transport i logistika - \u0422\u0440\u0430\u043d\u0441\u043f\u043e\u0440\u0442 \u0438 \u043b\u043e\u0433\u0438\u0441\u0442\u0438\u043a\u0430<\/title>\n<meta name=\"description\" content=\"Prevoze vr\u0161imo sa savremenim, ekolo\u0161kim i kvalitetnim te zanesljivim vozilima marke Mercedes Benz i MAN te prikolice Schmitz Cargobull i Krone.\" \/>\n<meta name=\"robots\" content=\"index, follow, max-snippet:-1, max-image-preview:large, max-video-preview:-1\" \/>\n<link rel=\"canonical\" href=\"https:\/\/globus-transport.si\/sr\/flota\/\" \/>\n<meta property=\"og:locale\" content=\"sr_RS\" \/>\n<meta property=\"og:type\" content=\"article\" \/>\n<meta property=\"og:title\" content=\"Vozni park &#8212; GLOBUS \/\/ Prevozi in logistika - Transport und Logistik - Transport and logistics - Trasporti e logistica - Transport i logistika - \u0422\u0440\u0430\u043d\u0441\u043f\u043e\u0440\u0442 \u0438 \u043b\u043e\u0433\u0438\u0441\u0442\u0438\u043a\u0430\" \/>\n<meta property=\"og:description\" content=\"Prevoze vr\u0161imo sa savremenim, ekolo\u0161kim i kvalitetnim te zanesljivim vozilima marke Mercedes Benz i MAN te prikolice Schmitz Cargobull i Krone.\" \/>\n<meta property=\"og:url\" content=\"https:\/\/globus-transport.si\/sr\/flota\/\" \/>\n<meta property=\"og:site_name\" content=\"GLOBUS \/\/ Prevozi in logistika - Transport und Logistik - Transport and logistics - Trasporti e logistica - Transport i logistika - \u0422\u0440\u0430\u043d\u0441\u043f\u043e\u0440\u0442 \u0438 \u043b\u043e\u0433\u0438\u0441\u0442\u0438\u043a\u0430\" \/>\n<meta property=\"article:publisher\" content=\"https:\/\/sl-si.facebook.com\/Globus-doo-658114994267064\/\" \/>\n<meta property=\"article:modified_time\" content=\"2022-09-01T09:16:20+00:00\" \/>\n<meta name=\"twitter:card\" content=\"summary_large_image\" \/>\n<script type=\"application\/ld+json\" class=\"yoast-schema-graph\">{\"@context\":\"https:\/\/schema.org\",\"@graph\":[{\"@type\":\"WebPage\",\"@id\":\"https:\/\/globus-transport.si\/sr\/flota\/\",\"url\":\"https:\/\/globus-transport.si\/sr\/flota\/\",\"name\":\"Vozni park &#8212; GLOBUS \/\/ Prevozi in logistika - Transport und Logistik - Transport and logistics - Trasporti e logistica - Transport i logistika - \u0422\u0440\u0430\u043d\u0441\u043f\u043e\u0440\u0442 \u0438 \u043b\u043e\u0433\u0438\u0441\u0442\u0438\u043a\u0430\",\"isPartOf\":{\"@id\":\"https:\/\/globus-transport.si\/#website\"},\"datePublished\":\"2017-04-24T09:26:16+00:00\",\"dateModified\":\"2022-09-01T09:16:20+00:00\",\"description\":\"Prevoze vr\u0161imo sa savremenim, ekolo\u0161kim i kvalitetnim te zanesljivim vozilima marke Mercedes Benz i MAN te prikolice Schmitz Cargobull i Krone.\",\"breadcrumb\":{\"@id\":\"https:\/\/globus-transport.si\/sr\/flota\/#breadcrumb\"},\"inLanguage\":\"sr-RS\",\"potentialAction\":[{\"@type\":\"ReadAction\",\"target\":[\"https:\/\/globus-transport.si\/sr\/flota\/\"]}]},{\"@type\":\"BreadcrumbList\",\"@id\":\"https:\/\/globus-transport.si\/sr\/flota\/#breadcrumb\",\"itemListElement\":[{\"@type\":\"ListItem\",\"position\":1,\"name\":\"Home\",\"item\":\"https:\/\/globus-transport.si\/sr\/\"},{\"@type\":\"ListItem\",\"position\":2,\"name\":\"Vozni park\"}]},{\"@type\":\"WebSite\",\"@id\":\"https:\/\/globus-transport.si\/#website\",\"url\":\"https:\/\/globus-transport.si\/\",\"name\":\"GLOBUS \/\/ Prevozi in logistika - Transport und Logistik - Transport and logistics - Trasporti e logistica - Transport i logistika - \u0422\u0440\u0430\u043d\u0441\u043f\u043e\u0440\u0442 \u0438 \u043b\u043e\u0433\u0438\u0441\u0442\u0438\u043a\u0430\",\"description\":\"Slovenija, EU\",\"publisher\":{\"@id\":\"https:\/\/globus-transport.si\/#organization\"},\"potentialAction\":[{\"@type\":\"SearchAction\",\"target\":{\"@type\":\"EntryPoint\",\"urlTemplate\":\"https:\/\/globus-transport.si\/?s={search_term_string}\"},\"query-input\":{\"@type\":\"PropertyValueSpecification\",\"valueRequired\":true,\"valueName\":\"search_term_string\"}}],\"inLanguage\":\"sr-RS\"},{\"@type\":\"Organization\",\"@id\":\"https:\/\/globus-transport.si\/#organization\",\"name\":\"Globus, d. o. o., Metlika \/\/ Slovenija , EU\",\"url\":\"https:\/\/globus-transport.si\/\",\"logo\":{\"@type\":\"ImageObject\",\"inLanguage\":\"sr-RS\",\"@id\":\"https:\/\/globus-transport.si\/#\/schema\/logo\/image\/\",\"url\":\"https:\/\/globus-transport.si\/wp-content\/uploads\/2016\/09\/logo-globus.svg\",\"contentUrl\":\"https:\/\/globus-transport.si\/wp-content\/uploads\/2016\/09\/logo-globus.svg\",\"width\":1,\"height\":1,\"caption\":\"Globus, d. o. o., Metlika \/\/ Slovenija , EU\"},\"image\":{\"@id\":\"https:\/\/globus-transport.si\/#\/schema\/logo\/image\/\"},\"sameAs\":[\"https:\/\/sl-si.facebook.com\/Globus-doo-658114994267064\/\",\"https:\/\/www.linkedin.com\/company\/globus-d-o-o-\"]}]}<\/script>\n<!-- \/ Yoast SEO plugin. -->","yoast_head_json":{"title":"Vozni park &#8212; GLOBUS \/\/ Prevozi in logistika - Transport und Logistik - Transport and logistics - Trasporti e logistica - Transport i logistika - \u0422\u0440\u0430\u043d\u0441\u043f\u043e\u0440\u0442 \u0438 \u043b\u043e\u0433\u0438\u0441\u0442\u0438\u043a\u0430","description":"Prevoze vr\u0161imo sa savremenim, ekolo\u0161kim i kvalitetnim te zanesljivim vozilima marke Mercedes Benz i MAN te prikolice Schmitz Cargobull i Krone.","robots":{"index":"index","follow":"follow","max-snippet":"max-snippet:-1","max-image-preview":"max-image-preview:large","max-video-preview":"max-video-preview:-1"},"canonical":"https:\/\/globus-transport.si\/sr\/flota\/","og_locale":"sr_RS","og_type":"article","og_title":"Vozni park &#8212; GLOBUS \/\/ Prevozi in logistika - Transport und Logistik - Transport and logistics - Trasporti e logistica - Transport i logistika - \u0422\u0440\u0430\u043d\u0441\u043f\u043e\u0440\u0442 \u0438 \u043b\u043e\u0433\u0438\u0441\u0442\u0438\u043a\u0430","og_description":"Prevoze vr\u0161imo sa savremenim, ekolo\u0161kim i kvalitetnim te zanesljivim vozilima marke Mercedes Benz i MAN te prikolice Schmitz Cargobull i Krone.","og_url":"https:\/\/globus-transport.si\/sr\/flota\/","og_site_name":"GLOBUS \/\/ Prevozi in logistika - Transport und Logistik - Transport and logistics - Trasporti e logistica - Transport i logistika - \u0422\u0440\u0430\u043d\u0441\u043f\u043e\u0440\u0442 \u0438 \u043b\u043e\u0433\u0438\u0441\u0442\u0438\u043a\u0430","article_publisher":"https:\/\/sl-si.facebook.com\/Globus-doo-658114994267064\/","article_modified_time":"2022-09-01T09:16:20+00:00","twitter_card":"summary_large_image","schema":{"@context":"https:\/\/schema.org","@graph":[{"@type":"WebPage","@id":"https:\/\/globus-transport.si\/sr\/flota\/","url":"https:\/\/globus-transport.si\/sr\/flota\/","name":"Vozni park &#8212; GLOBUS \/\/ Prevozi in logistika - Transport und Logistik - Transport and logistics - Trasporti e logistica - Transport i logistika - \u0422\u0440\u0430\u043d\u0441\u043f\u043e\u0440\u0442 \u0438 \u043b\u043e\u0433\u0438\u0441\u0442\u0438\u043a\u0430","isPartOf":{"@id":"https:\/\/globus-transport.si\/#website"},"datePublished":"2017-04-24T09:26:16+00:00","dateModified":"2022-09-01T09:16:20+00:00","description":"Prevoze vr\u0161imo sa savremenim, ekolo\u0161kim i kvalitetnim te zanesljivim vozilima marke Mercedes Benz i MAN te prikolice Schmitz Cargobull i Krone.","breadcrumb":{"@id":"https:\/\/globus-transport.si\/sr\/flota\/#breadcrumb"},"inLanguage":"sr-RS","potentialAction":[{"@type":"ReadAction","target":["https:\/\/globus-transport.si\/sr\/flota\/"]}]},{"@type":"BreadcrumbList","@id":"https:\/\/globus-transport.si\/sr\/flota\/#breadcrumb","itemListElement":[{"@type":"ListItem","position":1,"name":"Home","item":"https:\/\/globus-transport.si\/sr\/"},{"@type":"ListItem","position":2,"name":"Vozni park"}]},{"@type":"WebSite","@id":"https:\/\/globus-transport.si\/#website","url":"https:\/\/globus-transport.si\/","name":"GLOBUS \/\/ Prevozi in logistika - Transport und Logistik - Transport and logistics - Trasporti e logistica - Transport i logistika - \u0422\u0440\u0430\u043d\u0441\u043f\u043e\u0440\u0442 \u0438 \u043b\u043e\u0433\u0438\u0441\u0442\u0438\u043a\u0430","description":"Slovenija, EU","publisher":{"@id":"https:\/\/globus-transport.si\/#organization"},"potentialAction":[{"@type":"SearchAction","target":{"@type":"EntryPoint","urlTemplate":"https:\/\/globus-transport.si\/?s={search_term_string}"},"query-input":{"@type":"PropertyValueSpecification","valueRequired":true,"valueName":"search_term_string"}}],"inLanguage":"sr-RS"},{"@type":"Organization","@id":"https:\/\/globus-transport.si\/#organization","name":"Globus, d. o. o., Metlika \/\/ Slovenija , EU","url":"https:\/\/globus-transport.si\/","logo":{"@type":"ImageObject","inLanguage":"sr-RS","@id":"https:\/\/globus-transport.si\/#\/schema\/logo\/image\/","url":"https:\/\/globus-transport.si\/wp-content\/uploads\/2016\/09\/logo-globus.svg","contentUrl":"https:\/\/globus-transport.si\/wp-content\/uploads\/2016\/09\/logo-globus.svg","width":1,"height":1,"caption":"Globus, d. o. o., Metlika \/\/ Slovenija , EU"},"image":{"@id":"https:\/\/globus-transport.si\/#\/schema\/logo\/image\/"},"sameAs":["https:\/\/sl-si.facebook.com\/Globus-doo-658114994267064\/","https:\/\/www.linkedin.com\/company\/globus-d-o-o-"]}]}},"_links":{"self":[{"href":"https:\/\/globus-transport.si\/sr\/wp-json\/wp\/v2\/pages\/946","targetHints":{"allow":["GET"]}}],"collection":[{"href":"https:\/\/globus-transport.si\/sr\/wp-json\/wp\/v2\/pages"}],"about":[{"href":"https:\/\/globus-transport.si\/sr\/wp-json\/wp\/v2\/types\/page"}],"author":[{"embeddable":true,"href":"https:\/\/globus-transport.si\/sr\/wp-json\/wp\/v2\/users\/3"}],"replies":[{"embeddable":true,"href":"https:\/\/globus-transport.si\/sr\/wp-json\/wp\/v2\/comments?post=946"}],"version-history":[{"count":1,"href":"https:\/\/globus-transport.si\/sr\/wp-json\/wp\/v2\/pages\/946\/revisions"}],"predecessor-version":[{"id":947,"href":"https:\/\/globus-transport.si\/sr\/wp-json\/wp\/v2\/pages\/946\/revisions\/947"}],"wp:attachment":[{"href":"https:\/\/globus-transport.si\/sr\/wp-json\/wp\/v2\/media?parent=946"}],"curies":[{"name":"wp","href":"https:\/\/api.w.org\/{rel}","templated":true}]}}