{"id":985,"date":"2015-09-15T11:09:58","date_gmt":"2015-09-15T11:09:58","guid":{"rendered":"http:\/\/wp.globus-metlika.si\/kontakt\/"},"modified":"2024-07-14T11:28:55","modified_gmt":"2024-07-14T09:28:55","slug":"kontakty","status":"publish","type":"page","link":"https:\/\/globus-transport.si\/ru\/kontakty\/","title":{"rendered":"\u041a\u043e\u043d\u0442\u0430\u043a\u0442\u044b"},"content":{"rendered":"<section class='page-content mt-0' style=''  ><section class='container-fluid' style='padding-left: 0; padding-right: 0;'><div class='row' style=''><div class='col-md-12 ' style='' ><div class='locations-map' data-type='roadmap' data-long='15.1966646' data-lat='47.5805448' data-zoom='5' data-default-ui='1' data-scroll-wheel='0' data-contrast='grayscale'  data-markers='{&quot;1&quot;:[&quot;GLOBUS | Belokranjska cesta 22, SI-8332 \\u010crnomelj, Slovenija, EU&quot;,&quot;45.5805448&quot;,&quot;15.1966646&quot;,&quot;1&quot;]}' style='height: 500px;'><\/div><\/div><\/div><\/section><\/section><section class='page-content' style=''  ><section class='container'><div class='row' style=''><div class='col-md-4 ' style='' ><div class='custom-heading'>\r\n                            <h4>\u041a\u041b\u042e\u0427\u0415\u0412\u042b\u0415 \u041a\u041e\u041d\u0422\u0410\u041a\u0422\u042b<\/h4>                            \r\n                        <\/div><div class='cma-wysiwyg-editor'><p>T: + 386 (0)7 30 62 202<br \/>M: + 386 (0)31 615 335<br \/>M: +386 (0)51 392 500<br \/><a href=\"mailto:info@globus-transport.si\">info@globus-transport.si<\/a><\/p><br \/><\/div><div class='custom-heading'>\r\n                            <h4>\u041a\u041e\u041d\u0422\u0410\u041a\u0422\u042b<\/h4>                            \r\n                        <\/div><div class='cma-wysiwyg-editor'><p><strong>\u0422\u0435\u043b\u0435\u0444\u043e\u043d:<\/strong><br \/>T: + 386 (0)7 30 62 200<br \/>T: + 386 (0)7 30 62 201<br \/>T: + 386 (0)7 30 62 203<br \/>T: + 386 (0)7 30 62 204<br \/>T: + 386 (0)7 30 62 207<br \/>T: + 386 (0)7 30 62 208<br \/>T: + 386 (0)7 30 62 209<br \/>T: + 386 (0)7 30 62 210<br \/>T: + 386 (0)7 30 62 213<br \/>- - -<strong><br \/>\u0424\u0430\u043a\u0441:<\/strong><br \/>F: + 386 (0)7 30 62 206<br \/>- - -<strong><br \/>\u042d\u043b. \u0430\u0434\u0440\u0435\u0441:<\/strong><a href=\"mailto:info@globus-metlika.si\"><br \/><\/a><a href=\"mailto:transport@globus-transport.si\">transport@globus-transport.si<\/a><\/p><br \/><\/div><div class='custom-heading'>\r\n                            <h4>\u0414\u0415\u041b\u041e\u0412\u042b\u0415 \u041f\u041e\u041c\u0415\u0429\u0415\u041d\u0418\u042f<\/h4>                            \r\n                        <\/div><div class='cma-wysiwyg-editor'><p><strong>Globus mednarodna \u0161pedicija d. o. o.<\/strong><br \/>Belokranjska cesta 22, <br \/>Si-8340 \u010crnomelj, \u0421\u043b\u043e\u0432\u0435\u043d\u0438\u044f<br \/>\u041c\u0435\u0441\u0442\u043e \u043d\u0430\u0445\u043e\u0436\u0434\u0435\u043d\u0438\u044f:\u00a0<a title=\"\u041d\u0430\u0439\u0434\u0438\u0442\u0435 \u043d\u0430\u0441 \u043d\u0430 Google maps\" href=\"https:\/\/goo.gl\/XZAJLM\" target=\"_blank\" rel=\"noopener\">\u041a\u0430\u0440\u0442\u044b \u0413\u0443\u0433\u043b<\/a><br \/>---<br \/>\u041d\u043e\u043c\u0435\u0440 \u041d\u0414\u0421: SI36478385<br \/>M\u0160: 5455120<\/p><p><strong>PE Logisti\u010dni center BTC<\/strong><br \/>Letali\u0161ka 16, <br \/>Si-1000 Ljubljana, \u0421\u043b\u043e\u0432\u0435\u043d\u0438\u044f<br \/>\u041c\u0435\u0441\u0442\u043e \u043d\u0430\u0445\u043e\u0436\u0434\u0435\u043d\u0438\u044f:\u00a0<a title=\"\u041d\u0430\u0439\u0434\u0438\u0442\u0435 \u043d\u0430\u0441 \u043d\u0430 Google maps\" href=\"https:\/\/goo.gl\/ynSx7l\" target=\"_blank\" rel=\"noopener\">\u041a\u0430\u0440\u0442\u044b \u0413\u0443\u0433\u043b<\/a><\/p><p><strong>PE BTC City Novo mesto<\/strong><br \/>\u010ce\u0161\u010da vas 41, <br \/>Si-8000 Novo mesto, \u0421\u043b\u043e\u0432\u0435\u043d\u0438\u044f<br \/>\u041c\u0435\u0441\u0442\u043e \u043d\u0430\u0445\u043e\u0436\u0434\u0435\u043d\u0438\u044f:\u00a0<a title=\"\u041d\u0430\u0439\u0434\u0438\u0442\u0435 \u043d\u0430\u0441 \u043d\u0430 Google maps\" href=\"https:\/\/goo.gl\/HhGPXb\" target=\"_blank\" rel=\"noopener\">\u041a\u0430\u0440\u0442\u044b \u0413\u0443\u0433\u043b<\/a><\/p><br \/><\/div><\/div><div class='col-md-8 ' style='' ><div class='cma-wysiwyg-editor'><p>\n<div class=\"wpcf7 no-js\" id=\"wpcf7-f984-o1\" lang=\"sl-SI\" dir=\"ltr\" data-wpcf7-id=\"984\">\n<div class=\"screen-reader-response\"><p role=\"status\" aria-live=\"polite\" aria-atomic=\"true\"><\/p> <ul><\/ul><\/div>\n<form action=\"\/ru\/wp-json\/wp\/v2\/pages\/985#wpcf7-f984-o1\" method=\"post\" class=\"wpcf7-form init\" aria-label=\"Contact form\" novalidate=\"novalidate\" data-status=\"init\">\n<fieldset class=\"hidden-fields-container\"><input type=\"hidden\" name=\"_wpcf7\" value=\"984\" \/><input type=\"hidden\" name=\"_wpcf7_version\" value=\"6.1.4\" \/><input type=\"hidden\" name=\"_wpcf7_locale\" value=\"sl_SI\" \/><input type=\"hidden\" name=\"_wpcf7_unit_tag\" value=\"wpcf7-f984-o1\" \/><input type=\"hidden\" name=\"_wpcf7_container_post\" value=\"0\" \/><input type=\"hidden\" name=\"_wpcf7_posted_data_hash\" value=\"\" \/><input type=\"hidden\" name=\"_wpcf7_recaptcha_response\" value=\"\" \/>\n<\/fieldset>\n<p><label> \u0418\u043c\u044f (\u043e\u0431\u044f\u0437\u0430\u0442\u0435\u043b\u044c\u043d\u043e)<br \/>\n<span class=\"wpcf7-form-control-wrap\" data-name=\"your-name\"><input size=\"40\" maxlength=\"400\" class=\"wpcf7-form-control wpcf7-text wpcf7-validates-as-required\" aria-required=\"true\" aria-invalid=\"false\" value=\"\" type=\"text\" name=\"your-name\" \/><\/span> <\/label>\n<\/p>\n<p><label> \u0412\u0430\u0448 e-mail (\u043e\u0431\u044f\u0437\u0430\u0442\u0435\u043b\u044c\u043d\u043e)<br \/>\n<span class=\"wpcf7-form-control-wrap\" data-name=\"your-email\"><input size=\"40\" maxlength=\"400\" class=\"wpcf7-form-control wpcf7-email wpcf7-validates-as-required wpcf7-text wpcf7-validates-as-email\" aria-required=\"true\" aria-invalid=\"false\" value=\"\" type=\"email\" name=\"your-email\" \/><\/span> <\/label>\n<\/p>\n<p><label> \u0422\u0435\u043c\u0430<br \/>\n<span class=\"wpcf7-form-control-wrap\" data-name=\"your-subject\"><input size=\"40\" maxlength=\"400\" class=\"wpcf7-form-control wpcf7-text\" aria-invalid=\"false\" value=\"\" type=\"text\" name=\"your-subject\" \/><\/span> <\/label>\n<\/p>\n<p><label> \u0421\u043e\u043e\u0431\u0449\u0435\u043d\u0438\u0435<br \/>\n<span class=\"wpcf7-form-control-wrap\" data-name=\"your-message\"><textarea cols=\"40\" rows=\"10\" maxlength=\"2000\" class=\"wpcf7-form-control wpcf7-textarea\" aria-invalid=\"false\" name=\"your-message\"><\/textarea><\/span> <\/label>\n<\/p>\n\n<p><input class=\"wpcf7-form-control wpcf7-submit has-spinner\" type=\"submit\" value=\"\u041e\u0442\u043f\u0440\u0430\u0432\u0438\u0442\u044c\" \/>\n<\/p><div class=\"wpcf7-response-output\" aria-hidden=\"true\"><\/div>\n<\/form>\n<\/div>\n<\/p><\/div><\/div><\/div><\/section><\/section>\n","protected":false},"excerpt":{"rendered":"","protected":false},"author":3,"featured_media":0,"parent":0,"menu_order":0,"comment_status":"closed","ping_status":"closed","template":"","meta":{"inline_featured_image":false,"footnotes":""},"class_list":["post-985","page","type-page","status-publish","hentry"],"yoast_head":"<!-- This site is optimized with the Yoast SEO plugin v26.7 - https:\/\/yoast.com\/wordpress\/plugins\/seo\/ -->\n<title>\u041a\u043e\u043d\u0442\u0430\u043a\u0442\u044b &#8212; GLOBUS \/\/ Prevozi in logistika - Transport und Logistik - Transport and logistics - Trasporti e logistica - Transport i logistika - \u0422\u0440\u0430\u043d\u0441\u043f\u043e\u0440\u0442 \u0438 \u043b\u043e\u0433\u0438\u0441\u0442\u0438\u043a\u0430<\/title>\n<meta name=\"description\" content=\"\u041a\u041b\u042e\u0427\u0415\u0412\u042b\u0415 \u041a\u041e\u041d\u0422\u0410\u041a\u0422\u042b: T: + 386 (0)7 30 62 202 \/ M: + 386 (0)31 615 335 \/ M: + 386 (0)51 326 555 \/ info@globus-metlika.si\" \/>\n<meta name=\"robots\" content=\"index, follow, max-snippet:-1, max-image-preview:large, max-video-preview:-1\" \/>\n<link rel=\"canonical\" href=\"https:\/\/globus-transport.si\/ru\/kontakty\/\" \/>\n<meta property=\"og:locale\" content=\"ru_RU\" \/>\n<meta property=\"og:type\" content=\"article\" \/>\n<meta property=\"og:title\" content=\"\u041a\u043e\u043d\u0442\u0430\u043a\u0442\u044b &#8212; GLOBUS \/\/ Prevozi in logistika - Transport und Logistik - Transport and logistics - Trasporti e logistica - Transport i logistika - \u0422\u0440\u0430\u043d\u0441\u043f\u043e\u0440\u0442 \u0438 \u043b\u043e\u0433\u0438\u0441\u0442\u0438\u043a\u0430\" \/>\n<meta property=\"og:description\" content=\"\u041a\u041b\u042e\u0427\u0415\u0412\u042b\u0415 \u041a\u041e\u041d\u0422\u0410\u041a\u0422\u042b: T: + 386 (0)7 30 62 202 \/ M: + 386 (0)31 615 335 \/ M: + 386 (0)51 326 555 \/ info@globus-metlika.si\" \/>\n<meta property=\"og:url\" content=\"https:\/\/globus-transport.si\/ru\/kontakty\/\" \/>\n<meta property=\"og:site_name\" content=\"GLOBUS \/\/ Prevozi in logistika - Transport und Logistik - Transport and logistics - Trasporti e logistica - Transport i logistika - \u0422\u0440\u0430\u043d\u0441\u043f\u043e\u0440\u0442 \u0438 \u043b\u043e\u0433\u0438\u0441\u0442\u0438\u043a\u0430\" \/>\n<meta property=\"article:publisher\" content=\"https:\/\/sl-si.facebook.com\/Globus-doo-658114994267064\/\" \/>\n<meta property=\"article:modified_time\" content=\"2024-07-14T09:28:55+00:00\" \/>\n<meta name=\"twitter:card\" content=\"summary_large_image\" \/>\n<meta name=\"twitter:label1\" content=\"\u041f\u0440\u0438\u043c\u0435\u0440\u043d\u043e\u0435 \u0432\u0440\u0435\u043c\u044f \u0434\u043b\u044f \u0447\u0442\u0435\u043d\u0438\u044f\" \/>\n\t<meta name=\"twitter:data1\" content=\"1 \u043c\u0438\u043d\u0443\u0442\u0430\" \/>\n<script type=\"application\/ld+json\" class=\"yoast-schema-graph\">{\"@context\":\"https:\/\/schema.org\",\"@graph\":[{\"@type\":\"WebPage\",\"@id\":\"https:\/\/globus-transport.si\/ru\/kontakty\/\",\"url\":\"https:\/\/globus-transport.si\/ru\/kontakty\/\",\"name\":\"\u041a\u043e\u043d\u0442\u0430\u043a\u0442\u044b &#8212; GLOBUS \/\/ Prevozi in logistika - Transport und Logistik - Transport and logistics - Trasporti e logistica - Transport i logistika - \u0422\u0440\u0430\u043d\u0441\u043f\u043e\u0440\u0442 \u0438 \u043b\u043e\u0433\u0438\u0441\u0442\u0438\u043a\u0430\",\"isPartOf\":{\"@id\":\"https:\/\/globus-transport.si\/#website\"},\"datePublished\":\"2015-09-15T11:09:58+00:00\",\"dateModified\":\"2024-07-14T09:28:55+00:00\",\"description\":\"\u041a\u041b\u042e\u0427\u0415\u0412\u042b\u0415 \u041a\u041e\u041d\u0422\u0410\u041a\u0422\u042b: T: + 386 (0)7 30 62 202 \/ M: + 386 (0)31 615 335 \/ M: + 386 (0)51 326 555 \/ info@globus-metlika.si\",\"breadcrumb\":{\"@id\":\"https:\/\/globus-transport.si\/ru\/kontakty\/#breadcrumb\"},\"inLanguage\":\"ru-RU\",\"potentialAction\":[{\"@type\":\"ReadAction\",\"target\":[\"https:\/\/globus-transport.si\/ru\/kontakty\/\"]}]},{\"@type\":\"BreadcrumbList\",\"@id\":\"https:\/\/globus-transport.si\/ru\/kontakty\/#breadcrumb\",\"itemListElement\":[{\"@type\":\"ListItem\",\"position\":1,\"name\":\"Home\",\"item\":\"https:\/\/globus-transport.si\/ru\/\"},{\"@type\":\"ListItem\",\"position\":2,\"name\":\"\u041a\u043e\u043d\u0442\u0430\u043a\u0442\u044b\"}]},{\"@type\":\"WebSite\",\"@id\":\"https:\/\/globus-transport.si\/#website\",\"url\":\"https:\/\/globus-transport.si\/\",\"name\":\"GLOBUS \/\/ Prevozi in logistika - Transport und Logistik - Transport and logistics - Trasporti e logistica - Transport i logistika - \u0422\u0440\u0430\u043d\u0441\u043f\u043e\u0440\u0442 \u0438 \u043b\u043e\u0433\u0438\u0441\u0442\u0438\u043a\u0430\",\"description\":\"Slovenija, EU\",\"publisher\":{\"@id\":\"https:\/\/globus-transport.si\/#organization\"},\"potentialAction\":[{\"@type\":\"SearchAction\",\"target\":{\"@type\":\"EntryPoint\",\"urlTemplate\":\"https:\/\/globus-transport.si\/?s={search_term_string}\"},\"query-input\":{\"@type\":\"PropertyValueSpecification\",\"valueRequired\":true,\"valueName\":\"search_term_string\"}}],\"inLanguage\":\"ru-RU\"},{\"@type\":\"Organization\",\"@id\":\"https:\/\/globus-transport.si\/#organization\",\"name\":\"Globus, d. o. o., Metlika \/\/ Slovenija , EU\",\"url\":\"https:\/\/globus-transport.si\/\",\"logo\":{\"@type\":\"ImageObject\",\"inLanguage\":\"ru-RU\",\"@id\":\"https:\/\/globus-transport.si\/#\/schema\/logo\/image\/\",\"url\":\"https:\/\/globus-transport.si\/wp-content\/uploads\/2016\/09\/logo-globus.svg\",\"contentUrl\":\"https:\/\/globus-transport.si\/wp-content\/uploads\/2016\/09\/logo-globus.svg\",\"width\":1,\"height\":1,\"caption\":\"Globus, d. o. o., Metlika \/\/ Slovenija , EU\"},\"image\":{\"@id\":\"https:\/\/globus-transport.si\/#\/schema\/logo\/image\/\"},\"sameAs\":[\"https:\/\/sl-si.facebook.com\/Globus-doo-658114994267064\/\",\"https:\/\/www.linkedin.com\/company\/globus-d-o-o-\"]}]}<\/script>\n<!-- \/ Yoast SEO plugin. -->","yoast_head_json":{"title":"\u041a\u043e\u043d\u0442\u0430\u043a\u0442\u044b &#8212; GLOBUS \/\/ Prevozi in logistika - Transport und Logistik - Transport and logistics - Trasporti e logistica - Transport i logistika - \u0422\u0440\u0430\u043d\u0441\u043f\u043e\u0440\u0442 \u0438 \u043b\u043e\u0433\u0438\u0441\u0442\u0438\u043a\u0430","description":"\u041a\u041b\u042e\u0427\u0415\u0412\u042b\u0415 \u041a\u041e\u041d\u0422\u0410\u041a\u0422\u042b: T: + 386 (0)7 30 62 202 \/ M: + 386 (0)31 615 335 \/ M: + 386 (0)51 326 555 \/ info@globus-metlika.si","robots":{"index":"index","follow":"follow","max-snippet":"max-snippet:-1","max-image-preview":"max-image-preview:large","max-video-preview":"max-video-preview:-1"},"canonical":"https:\/\/globus-transport.si\/ru\/kontakty\/","og_locale":"ru_RU","og_type":"article","og_title":"\u041a\u043e\u043d\u0442\u0430\u043a\u0442\u044b &#8212; GLOBUS \/\/ Prevozi in logistika - Transport und Logistik - Transport and logistics - Trasporti e logistica - Transport i logistika - \u0422\u0440\u0430\u043d\u0441\u043f\u043e\u0440\u0442 \u0438 \u043b\u043e\u0433\u0438\u0441\u0442\u0438\u043a\u0430","og_description":"\u041a\u041b\u042e\u0427\u0415\u0412\u042b\u0415 \u041a\u041e\u041d\u0422\u0410\u041a\u0422\u042b: T: + 386 (0)7 30 62 202 \/ M: + 386 (0)31 615 335 \/ M: + 386 (0)51 326 555 \/ info@globus-metlika.si","og_url":"https:\/\/globus-transport.si\/ru\/kontakty\/","og_site_name":"GLOBUS \/\/ Prevozi in logistika - Transport und Logistik - Transport and logistics - Trasporti e logistica - Transport i logistika - \u0422\u0440\u0430\u043d\u0441\u043f\u043e\u0440\u0442 \u0438 \u043b\u043e\u0433\u0438\u0441\u0442\u0438\u043a\u0430","article_publisher":"https:\/\/sl-si.facebook.com\/Globus-doo-658114994267064\/","article_modified_time":"2024-07-14T09:28:55+00:00","twitter_card":"summary_large_image","twitter_misc":{"\u041f\u0440\u0438\u043c\u0435\u0440\u043d\u043e\u0435 \u0432\u0440\u0435\u043c\u044f \u0434\u043b\u044f \u0447\u0442\u0435\u043d\u0438\u044f":"1 \u043c\u0438\u043d\u0443\u0442\u0430"},"schema":{"@context":"https:\/\/schema.org","@graph":[{"@type":"WebPage","@id":"https:\/\/globus-transport.si\/ru\/kontakty\/","url":"https:\/\/globus-transport.si\/ru\/kontakty\/","name":"\u041a\u043e\u043d\u0442\u0430\u043a\u0442\u044b &#8212; GLOBUS \/\/ Prevozi in logistika - Transport und Logistik - Transport and logistics - Trasporti e logistica - Transport i logistika - \u0422\u0440\u0430\u043d\u0441\u043f\u043e\u0440\u0442 \u0438 \u043b\u043e\u0433\u0438\u0441\u0442\u0438\u043a\u0430","isPartOf":{"@id":"https:\/\/globus-transport.si\/#website"},"datePublished":"2015-09-15T11:09:58+00:00","dateModified":"2024-07-14T09:28:55+00:00","description":"\u041a\u041b\u042e\u0427\u0415\u0412\u042b\u0415 \u041a\u041e\u041d\u0422\u0410\u041a\u0422\u042b: T: + 386 (0)7 30 62 202 \/ M: + 386 (0)31 615 335 \/ M: + 386 (0)51 326 555 \/ info@globus-metlika.si","breadcrumb":{"@id":"https:\/\/globus-transport.si\/ru\/kontakty\/#breadcrumb"},"inLanguage":"ru-RU","potentialAction":[{"@type":"ReadAction","target":["https:\/\/globus-transport.si\/ru\/kontakty\/"]}]},{"@type":"BreadcrumbList","@id":"https:\/\/globus-transport.si\/ru\/kontakty\/#breadcrumb","itemListElement":[{"@type":"ListItem","position":1,"name":"Home","item":"https:\/\/globus-transport.si\/ru\/"},{"@type":"ListItem","position":2,"name":"\u041a\u043e\u043d\u0442\u0430\u043a\u0442\u044b"}]},{"@type":"WebSite","@id":"https:\/\/globus-transport.si\/#website","url":"https:\/\/globus-transport.si\/","name":"GLOBUS \/\/ Prevozi in logistika - Transport und Logistik - Transport and logistics - Trasporti e logistica - Transport i logistika - \u0422\u0440\u0430\u043d\u0441\u043f\u043e\u0440\u0442 \u0438 \u043b\u043e\u0433\u0438\u0441\u0442\u0438\u043a\u0430","description":"Slovenija, EU","publisher":{"@id":"https:\/\/globus-transport.si\/#organization"},"potentialAction":[{"@type":"SearchAction","target":{"@type":"EntryPoint","urlTemplate":"https:\/\/globus-transport.si\/?s={search_term_string}"},"query-input":{"@type":"PropertyValueSpecification","valueRequired":true,"valueName":"search_term_string"}}],"inLanguage":"ru-RU"},{"@type":"Organization","@id":"https:\/\/globus-transport.si\/#organization","name":"Globus, d. o. o., Metlika \/\/ Slovenija , EU","url":"https:\/\/globus-transport.si\/","logo":{"@type":"ImageObject","inLanguage":"ru-RU","@id":"https:\/\/globus-transport.si\/#\/schema\/logo\/image\/","url":"https:\/\/globus-transport.si\/wp-content\/uploads\/2016\/09\/logo-globus.svg","contentUrl":"https:\/\/globus-transport.si\/wp-content\/uploads\/2016\/09\/logo-globus.svg","width":1,"height":1,"caption":"Globus, d. o. o., Metlika \/\/ Slovenija , EU"},"image":{"@id":"https:\/\/globus-transport.si\/#\/schema\/logo\/image\/"},"sameAs":["https:\/\/sl-si.facebook.com\/Globus-doo-658114994267064\/","https:\/\/www.linkedin.com\/company\/globus-d-o-o-"]}]}},"_links":{"self":[{"href":"https:\/\/globus-transport.si\/ru\/wp-json\/wp\/v2\/pages\/985","targetHints":{"allow":["GET"]}}],"collection":[{"href":"https:\/\/globus-transport.si\/ru\/wp-json\/wp\/v2\/pages"}],"about":[{"href":"https:\/\/globus-transport.si\/ru\/wp-json\/wp\/v2\/types\/page"}],"author":[{"embeddable":true,"href":"https:\/\/globus-transport.si\/ru\/wp-json\/wp\/v2\/users\/3"}],"replies":[{"embeddable":true,"href":"https:\/\/globus-transport.si\/ru\/wp-json\/wp\/v2\/comments?post=985"}],"version-history":[{"count":7,"href":"https:\/\/globus-transport.si\/ru\/wp-json\/wp\/v2\/pages\/985\/revisions"}],"predecessor-version":[{"id":1187,"href":"https:\/\/globus-transport.si\/ru\/wp-json\/wp\/v2\/pages\/985\/revisions\/1187"}],"wp:attachment":[{"href":"https:\/\/globus-transport.si\/ru\/wp-json\/wp\/v2\/media?parent=985"}],"curies":[{"name":"wp","href":"https:\/\/api.w.org\/{rel}","templated":true}]}}