{"id":965,"date":"2015-09-15T11:27:05","date_gmt":"2015-09-15T11:27:05","guid":{"rendered":"http:\/\/wp.globus-metlika.si\/home\/"},"modified":"2025-01-29T09:02:57","modified_gmt":"2025-01-29T08:02:57","slug":"startseite","status":"publish","type":"page","link":"https:\/\/globus-transport.si\/de\/","title":{"rendered":"Startseite"},"content":{"rendered":"<section class='page-content' style=''  ><section class='container-fluid' style='padding-left: 0; padding-right: 0;'><div class='row' style='margin-bottom: 0px ;margin-top: 0px;'><div class='col-md-12 ' style='margin-bottom:0px;margin-top:0px;padding-top:0px;padding-bottom:0px;padding-left:0px;padding-right:0px;' ><div class='cma-wysiwyg-editor'><p>\n\t\t<!-- MasterSlider -->\n\t\t<div id=\"P_MS69fdcb83d16ee\" class=\"master-slider-parent ms-parent-id-2\"  >\n\n\t\t\t\n\t\t\t<!-- MasterSlider Main -->\n\t\t\t<div id=\"MS69fdcb83d16ee\" class=\"master-slider ms-skin-default\" >\n\t\t\t\t \t\t\t\t \n\n\t\t\t<div  class=\"ms-slide\" data-delay=\"3\" data-fill-mode=\"fill\"  data-id=\"naslovna_home_page_globus\"  >\n\t\t\t\t\t<img decoding=\"async\" src=\"https:\/\/globus-transport.si\/wp-content\/plugins\/masterslider\/public\/assets\/css\/blank.gif\" alt=\"\" title=\"tovornjak-velika\" data-src=\"https:\/\/globus-transport.si\/wp-content\/uploads\/2017\/05\/tovornjak-velika-homepage.jpg\" \/>\n\n\n\t\t\t\t<\/div>\n\n\t\t\t<\/div>\n\t\t\t<!-- END MasterSlider Main -->\n\n\t\t\t \n\t\t<\/div>\n\t\t<!-- END MasterSlider -->\n\n\t\t<script>\n\t\t( window.MSReady = window.MSReady || [] ).push( function( $ ) {\n\n\t\t\t\"use strict\";\n\t\t\tvar masterslider_16ee = new MasterSlider();\n\n\t\t\t\/\/ slider controls\n\t\t\t\/\/ slider setup\n\t\t\tmasterslider_16ee.setup(\"MS69fdcb83d16ee\", {\n\t\t\t\twidth           : 1000,\n\t\t\t\theight          : 500,\n\t\t\t\tminHeight       : 854,\n\t\t\t\tspace           : 0,\n\t\t\t\tstart           : 1,\n\t\t\t\tgrabCursor      : true,\n\t\t\t\tswipe           : true,\n\t\t\t\tmouse           : true,\n\t\t\t\tkeyboard        : false,\n\t\t\t\tlayout          : \"fullwidth\",\n\t\t\t\twheel           : false,\n\t\t\t\tautoplay        : false,\n                instantStartLayers:false,\n\t\t\t\tmobileBGVideo:false,\n\t\t\t\tloop            : false,\n\t\t\t\tshuffle         : false,\n\t\t\t\tpreload         : 0,\n\t\t\t\theightLimit     : true,\n\t\t\t\tautoHeight      : true,\n\t\t\t\tsmoothHeight    : true,\n\t\t\t\tendPause        : false,\n\t\t\t\toverPause       : true,\n\t\t\t\tfillMode        : \"fill\",\n\t\t\t\tcenterControls  : true,\n\t\t\t\tstartOnAppear   : false,\n\t\t\t\tlayersMode      : \"center\",\n\t\t\t\tautofillTarget  : \"\",\n\t\t\t\thideLayers      : false,\n\t\t\t\tfullscreenMargin: 0,\n\t\t\t\tspeed           : 20,\n\t\t\t\tdir             : \"h\",\n\t\t\t\tresponsive      : true,\n\t\t\t\ttabletWidth     : 768,\n\t\t\t\ttabletHeight    : null,\n\t\t\t\tphoneWidth      : 480,\n\t\t\t\tphoneHeight    : null,\n\t\t\t\tsizingReference : window,\n\t\t\t\tparallaxMode    : 'swipe',\n\t\t\t\tview            : \"basic\"\n\t\t\t});\n\n\t\t\t\n\t\t\twindow.masterslider_instances = window.masterslider_instances || [];\n\t\t\twindow.masterslider_instances.push( masterslider_16ee );\n\t\t});\n\t\t<\/script>\n\n<\/p><\/div><\/div><\/div><\/section><\/section><section class='page-content custom-background color-background' style='background-color: #2f2a80;margin-bottom: 50px;margin-top: -70px;'  ><section class='container'><div class='row' style='margin-bottom: 0px ;margin-top: 0px;'><div class='col-md-12 ' style='' ><div class='call-to-action clearfix ' ><div class='text'><h2 style='color: #ffffff'>Mit drei\u00dfigj\u00e4hrigen Erfahrungen bieten wir unseren zahlreichen slowenischen und ausl\u00e4ndischen Kunden Beratung, Organisation und Durchf\u00fchrung von Transporten und anderen logistischen Dienstleistungen an.<\/h2><p style='color: #ffffff'>Neben der sicheren, schnellen, flexiblen und zuverl\u00e4ssigen Sicherung der ganzen Palette der logistischen Dientsleistungen werden auch besondere W\u00fcnsche, Forderungen und Bedingungen des Kunden ber\u00fccksichtigt. Neben den Transporten in EU-L\u00e4nder sind wir auf den Transport in die L\u00e4nder der ehemaligen Sowjetunion spezialisiert, und zwar Russland, Ukraine, Wei\u00dfrussland, Kasachstan, Usbekistan, Kirgisistan, Tadschikistan, Georgien, Armenien, Aserbaidschan und Turkmenistan. Wir fahren auch in die T\u00fcrkei, Mongolei und andere L\u00e4nder.<\/p><\/div><a class='btn btn-big theme-color ' href='mailto:info@globus-metlika.si' ><span> Anfrage absenden<\/span><\/a><\/div><\/div><\/div><\/section><\/section><section class='page-content' style=''  ><section class='container'><div class='row' style=''><div class='col-md-4 ' style='' ><div class='services-element service-feature-box '>\r\n                            <div class='service-media'>\r\n                                <img src='https:\/\/globus-transport.si\/wp-content\/uploads\/bfi_thumb\/GLOBUS-METLIKA-01-qofqgz1a6wwhubl4nrmw5nqck4exwd2xa7foi9127k.jpg' alt='checklist icon'>\r\n                                \r\n                                                                \r\n                            <\/div>\r\n\r\n                            <div class='service-body'>\r\n                                <div class='custom-heading'>\r\n                                    <h4>UNTERNEHMEN<\/h4>\r\n                                <\/div>\r\n\r\n                                <p>Globus, Mednarodna \u0161pedicija d.o.o., geh\u00f6rt zu den f\u00fchrenden internationalen logistischen Unternehmen im slowenischen, ost- und s\u00fcdosteurop\u00e4ischen Raum. Durch die Entwicklung eines breiten Spektrums logistischer T\u00e4tigkeiten gem\u00e4\u00df den h\u00f6chsten Normen (Qualit\u00e4tszertifikat ISO 9001:2015, 14001:2015 und EU GDP) sind wir st\u00e4ndig um die Qualit\u00e4tssteigerung des Transportprozesses bem\u00fcht.<\/p>\r\n                            <\/div>\r\n                        <\/div><\/div><div class='col-md-4 ' style='' ><div class='services-element service-feature-box '>\r\n                            <div class='service-media'>\r\n                                <img src='https:\/\/globus-transport.si\/wp-content\/uploads\/bfi_thumb\/GLOBUS-METLIKA-05-qofqgz1a6wwhubl4nrmw5nqck4exwd2xa7foi9127k.jpg' alt='checklist icon'>\r\n                                \r\n                                <a href='https:\/\/globus-transport.si\/de\/dienstleistungen\/' class='read-more02' ><span>\r\n                                Mehr\r\n                                <i class='fa fa-chevron-right'><\/i>\r\n                            <\/span><\/a>                                \r\n                            <\/div>\r\n\r\n                            <div class='service-body'>\r\n                                <div class='custom-heading'>\r\n                                    <a href='https:\/\/globus-transport.si\/de\/dienstleistungen\/' ><h4>LOGISTIK<\/h4><\/a>\r\n                                <\/div>\r\n\r\n                                <p>Nach Vereinbarung mit Kunden transportieren wir verschiedene Frachten, die man auf drei Typen unserer Aufh\u00e4nger verladen kann. F\u00fcr Transporte stehen wir Ihnen st\u00e4ndig zur Verf\u00fcgung. Qualifizierte Kraftfahrer, immer einsatzf\u00e4hige Fahrzeuge sowie eine mehrseitig und mehrfach verwendbare CEMT-Genehmigung erm\u00f6glichen uns Transporte in und aus den Drittl\u00e4ndern.<\/p>\r\n                            <\/div>\r\n                        <\/div><\/div><div class='col-md-4 ' style='' ><div class='services-element service-feature-box '>\r\n                            <div class='service-media'>\r\n                                <img src='https:\/\/globus-transport.si\/wp-content\/uploads\/bfi_thumb\/GLOBUS-METLIKA-03-qofqgz1a6wwhubl4nrmw5nqck4exwd2xa7foi9127k.jpg' alt='checklist icon'>\r\n                                \r\n                                <a href='https:\/\/globus-transport.si\/de\/fuhrpark\/' class='read-more02' ><span>\r\n                                Mehr\r\n                                <i class='fa fa-chevron-right'><\/i>\r\n                            <\/span><\/a>                                \r\n                            <\/div>\r\n\r\n                            <div class='service-body'>\r\n                                <div class='custom-heading'>\r\n                                    <a href='https:\/\/globus-transport.si\/de\/fuhrpark\/' ><h4>FUHRPARK<\/h4><\/a>\r\n                                <\/div>\r\n\r\n                                <p>Die Lieferung der Waren wird durch unsere eigenen Kapazit\u00e4ten und durch Unterst\u00fctzung eines Netzwerks der Distributionspartner gesichert. Die Transporte werden mit modernen und umweltfreundlichen EURO 6 Fahrzeugen durchgef\u00fchrt. Unser Fuhrpark besteht aus 80 eigenen Fahrzeugen. Alle unsere Fahrzeuge sind mit ADR und GPS-Ortungsystemen ausgestattet. <\/p>\r\n                            <\/div>\r\n                        <\/div><\/div><\/div><\/section><\/section>\n","protected":false},"excerpt":{"rendered":"","protected":false},"author":3,"featured_media":0,"parent":0,"menu_order":0,"comment_status":"closed","ping_status":"closed","template":"","meta":{"inline_featured_image":false,"footnotes":""},"class_list":["post-965","page","type-page","status-publish","hentry"],"yoast_head":"<!-- This site is optimized with the Yoast SEO plugin v26.7 - https:\/\/yoast.com\/wordpress\/plugins\/seo\/ -->\n<title>GLOBUS \/\/ Transport und Logistik \/\/ Slowenien, EU<\/title>\n<meta name=\"description\" content=\"Organisation und Durchf\u00fchrung von Transporten und anderen logistischen Dienstleistungen an. \/ T: + 386 (0)7 30 62 202 \/ M: + 386 (0)31 615 335\" \/>\n<meta name=\"robots\" content=\"index, follow, max-snippet:-1, max-image-preview:large, max-video-preview:-1\" \/>\n<link rel=\"canonical\" href=\"https:\/\/globus-transport.si\/de\/\" \/>\n<meta property=\"og:locale\" content=\"de_DE\" \/>\n<meta property=\"og:type\" content=\"article\" \/>\n<meta property=\"og:title\" content=\"GLOBUS \/\/ Transport und Logistik \/\/ Slowenien, EU\" \/>\n<meta property=\"og:description\" content=\"Organisation und Durchf\u00fchrung von Transporten und anderen logistischen Dienstleistungen an. \/ T: + 386 (0)7 30 62 202 \/ M: + 386 (0)31 615 335\" \/>\n<meta property=\"og:url\" content=\"https:\/\/globus-transport.si\/de\/\" \/>\n<meta property=\"og:site_name\" content=\"GLOBUS \/\/ Prevozi in logistika - Transport und Logistik - Transport and logistics - Trasporti e logistica - Transport i logistika - \u0422\u0440\u0430\u043d\u0441\u043f\u043e\u0440\u0442 \u0438 \u043b\u043e\u0433\u0438\u0441\u0442\u0438\u043a\u0430\" \/>\n<meta property=\"article:publisher\" content=\"https:\/\/sl-si.facebook.com\/Globus-doo-658114994267064\/\" \/>\n<meta property=\"article:modified_time\" content=\"2025-01-29T08:02:57+00:00\" \/>\n<meta name=\"twitter:card\" content=\"summary_large_image\" \/>\n<meta name=\"twitter:label1\" content=\"Gesch\u00e4tzte Lesezeit\" \/>\n\t<meta name=\"twitter:data1\" content=\"2\u00a0Minuten\" \/>\n<script type=\"application\/ld+json\" class=\"yoast-schema-graph\">{\"@context\":\"https:\/\/schema.org\",\"@graph\":[{\"@type\":\"WebPage\",\"@id\":\"https:\/\/globus-transport.si\/de\/\",\"url\":\"https:\/\/globus-transport.si\/de\/\",\"name\":\"GLOBUS \/\/ Transport und Logistik \/\/ Slowenien, EU\",\"isPartOf\":{\"@id\":\"https:\/\/globus-transport.si\/#website\"},\"datePublished\":\"2015-09-15T11:27:05+00:00\",\"dateModified\":\"2025-01-29T08:02:57+00:00\",\"description\":\"Organisation und Durchf\u00fchrung von Transporten und anderen logistischen Dienstleistungen an. \/ T: + 386 (0)7 30 62 202 \/ M: + 386 (0)31 615 335\",\"breadcrumb\":{\"@id\":\"https:\/\/globus-transport.si\/de\/#breadcrumb\"},\"inLanguage\":\"de\",\"potentialAction\":[{\"@type\":\"ReadAction\",\"target\":[\"https:\/\/globus-transport.si\/de\/\"]}]},{\"@type\":\"BreadcrumbList\",\"@id\":\"https:\/\/globus-transport.si\/de\/#breadcrumb\",\"itemListElement\":[{\"@type\":\"ListItem\",\"position\":1,\"name\":\"Home\",\"item\":\"https:\/\/globus-transport.si\/de\/\"},{\"@type\":\"ListItem\",\"position\":2,\"name\":\"Startseite\"}]},{\"@type\":\"WebSite\",\"@id\":\"https:\/\/globus-transport.si\/#website\",\"url\":\"https:\/\/globus-transport.si\/\",\"name\":\"GLOBUS \/\/ Prevozi in logistika - Transport und Logistik - Transport and logistics - Trasporti e logistica - Transport i logistika - \u0422\u0440\u0430\u043d\u0441\u043f\u043e\u0440\u0442 \u0438 \u043b\u043e\u0433\u0438\u0441\u0442\u0438\u043a\u0430\",\"description\":\"Slovenija, EU\",\"publisher\":{\"@id\":\"https:\/\/globus-transport.si\/#organization\"},\"potentialAction\":[{\"@type\":\"SearchAction\",\"target\":{\"@type\":\"EntryPoint\",\"urlTemplate\":\"https:\/\/globus-transport.si\/?s={search_term_string}\"},\"query-input\":{\"@type\":\"PropertyValueSpecification\",\"valueRequired\":true,\"valueName\":\"search_term_string\"}}],\"inLanguage\":\"de\"},{\"@type\":\"Organization\",\"@id\":\"https:\/\/globus-transport.si\/#organization\",\"name\":\"Globus, d. o. o., Metlika \/\/ Slovenija , EU\",\"url\":\"https:\/\/globus-transport.si\/\",\"logo\":{\"@type\":\"ImageObject\",\"inLanguage\":\"de\",\"@id\":\"https:\/\/globus-transport.si\/#\/schema\/logo\/image\/\",\"url\":\"https:\/\/globus-transport.si\/wp-content\/uploads\/2016\/09\/logo-globus.svg\",\"contentUrl\":\"https:\/\/globus-transport.si\/wp-content\/uploads\/2016\/09\/logo-globus.svg\",\"width\":1,\"height\":1,\"caption\":\"Globus, d. o. o., Metlika \/\/ Slovenija , EU\"},\"image\":{\"@id\":\"https:\/\/globus-transport.si\/#\/schema\/logo\/image\/\"},\"sameAs\":[\"https:\/\/sl-si.facebook.com\/Globus-doo-658114994267064\/\",\"https:\/\/www.linkedin.com\/company\/globus-d-o-o-\"]}]}<\/script>\n<!-- \/ Yoast SEO plugin. -->","yoast_head_json":{"title":"GLOBUS \/\/ Transport und Logistik \/\/ Slowenien, EU","description":"Organisation und Durchf\u00fchrung von Transporten und anderen logistischen Dienstleistungen an. \/ T: + 386 (0)7 30 62 202 \/ M: + 386 (0)31 615 335","robots":{"index":"index","follow":"follow","max-snippet":"max-snippet:-1","max-image-preview":"max-image-preview:large","max-video-preview":"max-video-preview:-1"},"canonical":"https:\/\/globus-transport.si\/de\/","og_locale":"de_DE","og_type":"article","og_title":"GLOBUS \/\/ Transport und Logistik \/\/ Slowenien, EU","og_description":"Organisation und Durchf\u00fchrung von Transporten und anderen logistischen Dienstleistungen an. \/ T: + 386 (0)7 30 62 202 \/ M: + 386 (0)31 615 335","og_url":"https:\/\/globus-transport.si\/de\/","og_site_name":"GLOBUS \/\/ Prevozi in logistika - Transport und Logistik - Transport and logistics - Trasporti e logistica - Transport i logistika - \u0422\u0440\u0430\u043d\u0441\u043f\u043e\u0440\u0442 \u0438 \u043b\u043e\u0433\u0438\u0441\u0442\u0438\u043a\u0430","article_publisher":"https:\/\/sl-si.facebook.com\/Globus-doo-658114994267064\/","article_modified_time":"2025-01-29T08:02:57+00:00","twitter_card":"summary_large_image","twitter_misc":{"Gesch\u00e4tzte Lesezeit":"2\u00a0Minuten"},"schema":{"@context":"https:\/\/schema.org","@graph":[{"@type":"WebPage","@id":"https:\/\/globus-transport.si\/de\/","url":"https:\/\/globus-transport.si\/de\/","name":"GLOBUS \/\/ Transport und Logistik \/\/ Slowenien, EU","isPartOf":{"@id":"https:\/\/globus-transport.si\/#website"},"datePublished":"2015-09-15T11:27:05+00:00","dateModified":"2025-01-29T08:02:57+00:00","description":"Organisation und Durchf\u00fchrung von Transporten und anderen logistischen Dienstleistungen an. \/ T: + 386 (0)7 30 62 202 \/ M: + 386 (0)31 615 335","breadcrumb":{"@id":"https:\/\/globus-transport.si\/de\/#breadcrumb"},"inLanguage":"de","potentialAction":[{"@type":"ReadAction","target":["https:\/\/globus-transport.si\/de\/"]}]},{"@type":"BreadcrumbList","@id":"https:\/\/globus-transport.si\/de\/#breadcrumb","itemListElement":[{"@type":"ListItem","position":1,"name":"Home","item":"https:\/\/globus-transport.si\/de\/"},{"@type":"ListItem","position":2,"name":"Startseite"}]},{"@type":"WebSite","@id":"https:\/\/globus-transport.si\/#website","url":"https:\/\/globus-transport.si\/","name":"GLOBUS \/\/ Prevozi in logistika - Transport und Logistik - Transport and logistics - Trasporti e logistica - Transport i logistika - \u0422\u0440\u0430\u043d\u0441\u043f\u043e\u0440\u0442 \u0438 \u043b\u043e\u0433\u0438\u0441\u0442\u0438\u043a\u0430","description":"Slovenija, EU","publisher":{"@id":"https:\/\/globus-transport.si\/#organization"},"potentialAction":[{"@type":"SearchAction","target":{"@type":"EntryPoint","urlTemplate":"https:\/\/globus-transport.si\/?s={search_term_string}"},"query-input":{"@type":"PropertyValueSpecification","valueRequired":true,"valueName":"search_term_string"}}],"inLanguage":"de"},{"@type":"Organization","@id":"https:\/\/globus-transport.si\/#organization","name":"Globus, d. o. o., Metlika \/\/ Slovenija , EU","url":"https:\/\/globus-transport.si\/","logo":{"@type":"ImageObject","inLanguage":"de","@id":"https:\/\/globus-transport.si\/#\/schema\/logo\/image\/","url":"https:\/\/globus-transport.si\/wp-content\/uploads\/2016\/09\/logo-globus.svg","contentUrl":"https:\/\/globus-transport.si\/wp-content\/uploads\/2016\/09\/logo-globus.svg","width":1,"height":1,"caption":"Globus, d. o. o., Metlika \/\/ Slovenija , EU"},"image":{"@id":"https:\/\/globus-transport.si\/#\/schema\/logo\/image\/"},"sameAs":["https:\/\/sl-si.facebook.com\/Globus-doo-658114994267064\/","https:\/\/www.linkedin.com\/company\/globus-d-o-o-"]}]}},"_links":{"self":[{"href":"https:\/\/globus-transport.si\/de\/wp-json\/wp\/v2\/pages\/965","targetHints":{"allow":["GET"]}}],"collection":[{"href":"https:\/\/globus-transport.si\/de\/wp-json\/wp\/v2\/pages"}],"about":[{"href":"https:\/\/globus-transport.si\/de\/wp-json\/wp\/v2\/types\/page"}],"author":[{"embeddable":true,"href":"https:\/\/globus-transport.si\/de\/wp-json\/wp\/v2\/users\/3"}],"replies":[{"embeddable":true,"href":"https:\/\/globus-transport.si\/de\/wp-json\/wp\/v2\/comments?post=965"}],"version-history":[{"count":2,"href":"https:\/\/globus-transport.si\/de\/wp-json\/wp\/v2\/pages\/965\/revisions"}],"predecessor-version":[{"id":979,"href":"https:\/\/globus-transport.si\/de\/wp-json\/wp\/v2\/pages\/965\/revisions\/979"}],"wp:attachment":[{"href":"https:\/\/globus-transport.si\/de\/wp-json\/wp\/v2\/media?parent=965"}],"curies":[{"name":"wp","href":"https:\/\/api.w.org\/{rel}","templated":true}]}}